{"id":3,"date":"2024-12-07T07:23:29","date_gmt":"2024-12-07T06:23:29","guid":{"rendered":"https:\/\/bjornnco.com\/nor?page_id=3"},"modified":"2025-02-15T08:25:33","modified_gmt":"2025-02-15T07:25:33","slug":"privacy-policy","status":"publish","type":"page","link":"https:\/\/bjornnco.com\/nor\/privacy-policy\/","title":{"rendered":"Personvernerkl\u00e6ring"},"content":{"rendered":"\n<p><strong>Introduksjon<\/strong><\/p>\n\n\n\n<p>Som en del av sin virksomhet m\u00e5 selskapet TYROC, med registrert adresse 11 La Croix 22390 Saint-Adrien, samle inn og behandle informasjon, hvorav noe klassifiseres som &laquo;personopplysninger.&raquo; TYROC legger stor vekt p\u00e5 personvern og bruker kun data p\u00e5 en ansvarlig, konfidensiell og spesifikk m\u00e5te.<\/p>\n\n\n\n<p><strong>Personopplysninger<\/strong><\/p>\n\n\n\n<p>P\u00e5 nettstedet https:\/\/bjornnco.com\/nor kan to typer data samles inn:<\/p>\n\n\n\n<p><strong>Data overf\u00f8rt direkte<\/strong><\/p>\n\n\n\n<p>Disse dataene leveres direkte av deg via et kontaktskjema eller direkte kontakt via e-post. Obligatoriske felt i skjemaet inkluderer &laquo;fornavn og etternavn,&raquo; &laquo;selskap eller organisasjon&raquo; og &laquo;e-post.&raquo;<\/p>\n\n\n\n<p><strong>Automatisk innsamlede data<\/strong><\/p>\n\n\n\n<p>Under bes\u00f8kene dine, etter samtykke, kan vi samle inn &laquo;webanalyse&raquo;-informasjon om din nettleseratferd, bes\u00f8kets varighet, IP-adresse, nettlesertype og -versjon. Teknologien som brukes er informasjonskapsler (cookies).<\/p>\n\n\n\n<p><strong>Bruk av data<\/strong><\/p>\n\n\n\n<p>Data du oppgir direkte brukes til \u00e5 kontakte deg og\/eller til foresp\u00f8rselen du har sendt. &laquo;Webanalyse&raquo;-data samles inn anonymt (med anonymiserte IP-adresser) via Google Analytics og hjelper oss med \u00e5 m\u00e5le nettstedtrafikk, brukerm\u00f8nstre og feil for \u00e5 forbedre brukeropplevelsen. Disse dataene brukes kun av TYROC, som er behandlingsansvarlig, og vil aldri bli delt med tredjeparter eller brukt til andre form\u00e5l enn de nevnte.<\/p>\n\n\n\n<p><strong>Juridisk grunnlag<\/strong><\/p>\n\n\n\n<p>Personopplysninger samles kun inn etter brukerens eksplisitte samtykke, som er gyldig oppn\u00e5dd via knapper og avkrysningsbokser. Samtykket er frivillig, tydelig og utvetydig.<\/p>\n\n\n\n<p><strong>Lagringsperiode<\/strong><\/p>\n\n\n\n<p>Data lagres i maksimalt 3 \u00e5r.<\/p>\n\n\n\n<p><strong>Informasjonskapsler (Cookies)<\/strong><\/p>\n\n\n\n<p>Her er listen over informasjonskapsler vi bruker og deres form\u00e5l:<\/p>\n\n\n\n<ul class=\"wp-block-list\">\n<li><strong>Google Analytics-cookies<\/strong>: Brukes til webanalyse.<\/li>\n<\/ul>\n\n\n\n<p><strong>Dine rettigheter ang\u00e5ende personopplysninger<\/strong><\/p>\n\n\n\n<p>Du har rett til \u00e5 be om innsyn, endring eller sletting av dine personopplysninger. Du kan ogs\u00e5 trekke tilbake ditt samtykke til behandling av dataene dine.<\/p>\n\n\n\n<p><strong>Kontakt for personvernssp\u00f8rsm\u00e5l<\/strong><\/p>\n\n\n\n<p>Benoit Cavan &#8211; via kontaktskjemaet p\u00e5 nettstedet https:\/\/bjornnco.com\/nor<\/p>\n\n\n\n<p><\/p>\n","protected":false},"excerpt":{"rendered":"<p>Introduksjon Som en del av sin virksomhet m\u00e5 selskapet TYROC, med registrert adresse 11 La Croix 22390 Saint-Adrien, samle inn og behandle informasjon, hvorav noe klassifiseres som &laquo;personopplysninger.&raquo; TYROC legger stor vekt p\u00e5 personvern og bruker kun data p\u00e5 en ansvarlig, konfidensiell og spesifikk m\u00e5te. Personopplysninger P\u00e5 nettstedet https:\/\/bjornnco.com\/nor kan to typer data samles inn: [&hellip;]<\/p>\n","protected":false},"author":1,"featured_media":0,"parent":0,"menu_order":0,"comment_status":"closed","ping_status":"open","template":"","meta":{"ocean_post_layout":"","ocean_both_sidebars_style":"","ocean_both_sidebars_content_width":0,"ocean_both_sidebars_sidebars_width":0,"ocean_sidebar":"","ocean_second_sidebar":"","ocean_disable_margins":"enable","ocean_add_body_class":"","ocean_shortcode_before_top_bar":"","ocean_shortcode_after_top_bar":"","ocean_shortcode_before_header":"","ocean_shortcode_after_header":"","ocean_has_shortcode":"","ocean_shortcode_after_title":"","ocean_shortcode_before_footer_widgets":"","ocean_shortcode_after_footer_widgets":"","ocean_shortcode_before_footer_bottom":"","ocean_shortcode_after_footer_bottom":"","ocean_display_top_bar":"default","ocean_display_header":"default","ocean_header_style":"","ocean_center_header_left_menu":"","ocean_custom_header_template":"","ocean_custom_logo":0,"ocean_custom_retina_logo":0,"ocean_custom_logo_max_width":0,"ocean_custom_logo_tablet_max_width":0,"ocean_custom_logo_mobile_max_width":0,"ocean_custom_logo_max_height":0,"ocean_custom_logo_tablet_max_height":0,"ocean_custom_logo_mobile_max_height":0,"ocean_header_custom_menu":"","ocean_menu_typo_font_family":"","ocean_menu_typo_font_subset":"","ocean_menu_typo_font_size":0,"ocean_menu_typo_font_size_tablet":0,"ocean_menu_typo_font_size_mobile":0,"ocean_menu_typo_font_size_unit":"px","ocean_menu_typo_font_weight":"","ocean_menu_typo_font_weight_tablet":"","ocean_menu_typo_font_weight_mobile":"","ocean_menu_typo_transform":"","ocean_menu_typo_transform_tablet":"","ocean_menu_typo_transform_mobile":"","ocean_menu_typo_line_height":0,"ocean_menu_typo_line_height_tablet":0,"ocean_menu_typo_line_height_mobile":0,"ocean_menu_typo_line_height_unit":"","ocean_menu_typo_spacing":0,"ocean_menu_typo_spacing_tablet":0,"ocean_menu_typo_spacing_mobile":0,"ocean_menu_typo_spacing_unit":"","ocean_menu_link_color":"","ocean_menu_link_color_hover":"","ocean_menu_link_color_active":"","ocean_menu_link_background":"","ocean_menu_link_hover_background":"","ocean_menu_link_active_background":"","ocean_menu_social_links_bg":"","ocean_menu_social_hover_links_bg":"","ocean_menu_social_links_color":"","ocean_menu_social_hover_links_color":"","ocean_disable_title":"default","ocean_disable_heading":"default","ocean_post_title":"","ocean_post_subheading":"","ocean_post_title_style":"","ocean_post_title_background_color":"","ocean_post_title_background":0,"ocean_post_title_bg_image_position":"","ocean_post_title_bg_image_attachment":"","ocean_post_title_bg_image_repeat":"","ocean_post_title_bg_image_size":"","ocean_post_title_height":0,"ocean_post_title_bg_overlay":0.5,"ocean_post_title_bg_overlay_color":"","ocean_disable_breadcrumbs":"default","ocean_breadcrumbs_color":"","ocean_breadcrumbs_separator_color":"","ocean_breadcrumbs_links_color":"","ocean_breadcrumbs_links_hover_color":"","ocean_display_footer_widgets":"default","ocean_display_footer_bottom":"default","ocean_custom_footer_template":"","footnotes":""},"class_list":["post-3","page","type-page","status-publish","hentry","entry","owp-thumbs-layout-horizontal","owp-btn-normal","owp-tabs-layout-horizontal","has-no-thumbnails","has-product-nav"],"_links":{"self":[{"href":"https:\/\/bjornnco.com\/nor\/wp-json\/wp\/v2\/pages\/3","targetHints":{"allow":["GET"]}}],"collection":[{"href":"https:\/\/bjornnco.com\/nor\/wp-json\/wp\/v2\/pages"}],"about":[{"href":"https:\/\/bjornnco.com\/nor\/wp-json\/wp\/v2\/types\/page"}],"author":[{"embeddable":true,"href":"https:\/\/bjornnco.com\/nor\/wp-json\/wp\/v2\/users\/1"}],"replies":[{"embeddable":true,"href":"https:\/\/bjornnco.com\/nor\/wp-json\/wp\/v2\/comments?post=3"}],"version-history":[{"count":5,"href":"https:\/\/bjornnco.com\/nor\/wp-json\/wp\/v2\/pages\/3\/revisions"}],"predecessor-version":[{"id":927,"href":"https:\/\/bjornnco.com\/nor\/wp-json\/wp\/v2\/pages\/3\/revisions\/927"}],"wp:attachment":[{"href":"https:\/\/bjornnco.com\/nor\/wp-json\/wp\/v2\/media?parent=3"}],"curies":[{"name":"wp","href":"https:\/\/api.w.org\/{rel}","templated":true}]}}