{"id":703,"date":"2024-12-16T08:20:18","date_gmt":"2024-12-16T07:20:18","guid":{"rendered":"https:\/\/bjornnco.com\/nor?page_id=703"},"modified":"2025-02-15T08:23:38","modified_gmt":"2025-02-15T07:23:38","slug":"legal-notices","status":"publish","type":"page","link":"https:\/\/bjornnco.com\/nor\/legal-notices\/","title":{"rendered":"Juridiske merknader"},"content":{"rendered":"\n<p><strong>Juridiske merknader<\/strong><\/p>\n\n\n\n<p><strong>Nettstedsnavn:<\/strong> Bj\u00f6rn<\/p>\n\n\n\n<p><br><strong>Adresse:<\/strong> https:\/\/bjornnco.com\/nor<br><strong>Eier:<\/strong> TYROC<br><strong>Publikasjonsansvarlig:<\/strong> TYROC<\/p>\n\n\n\n<p><br><strong>Design og produksjon:<\/strong> TeqHit<br><strong>Animasjon:<\/strong> TeqHit<br><strong>Hosting:<\/strong> Hostinger International Ltd, et privat aksjeselskap basert p\u00e5 Kypros, med adressen 61 Lordou Vironos str. 6023 Larnaka, Kypros<\/p>\n\n\n\n<p><br><strong>TYROC<\/strong>, et forenklet aksjeselskap, registrert under SIREN 984890277 med en kapital p\u00e5 1 000 euro \u2013 SIRET 98489027700010 \u2013 11 La Croix 22390 Saint-Adrien, Frankrike<\/p>\n\n\n\n<hr class=\"wp-block-separator has-alpha-channel-opacity\"\/>\n\n\n\n<h3 class=\"wp-block-heading\"><strong>Bruksvilk\u00e5r<\/strong><\/h3>\n\n\n\n<p>Bruk av dette nettstedet inneb\u00e6rer full aksept av de generelle bruksvilk\u00e5rene som er beskrevet nedenfor. Disse vilk\u00e5rene kan endres eller suppleres n\u00e5r som helst.<\/p>\n\n\n\n<h3 class=\"wp-block-heading\"><strong>Informasjon<\/strong><\/h3>\n\n\n\n<p>Informasjonen og dokumentene p\u00e5 nettstedet er kun veiledende, er ikke utt\u00f8mmende og p\u00e5legger ikke nettstedseieren noe ansvar.<\/p>\n\n\n\n<p>Nettstedseieren kan ikke holdes ansvarlig for direkte eller indirekte skader som f\u00f8lge av tilgang til nettstedet.<\/p>\n\n\n\n<h3 class=\"wp-block-heading\"><strong>Interaktivitet<\/strong><\/h3>\n\n\n\n<p>Brukere av nettstedet kan laste opp innhold, som vil vises i dedikerte omr\u00e5der (for eksempel kommentarer). Det opplastede innholdet forblir forfatternes ansvar, og de b\u00e6rer det fulle juridiske ansvaret.<\/p>\n\n\n\n<p>Nettstedseieren forbeholder seg retten til \u00e5 fjerne, uten forvarsel og uten begrunnelse, ethvert innhold som ikke overholder nettstedets etiske retningslinjer eller gjeldende lovgivning.<\/p>\n\n\n\n<h3 class=\"wp-block-heading\"><strong>Intellektuell eiendom<\/strong><\/h3>\n\n\n\n<p>Med mindre annet er spesifisert, forblir alle elementer som er tilgjengelige p\u00e5 nettstedet (tekster, bilder, grafikk, logoer, ikoner, lyder, programvare osv.) den eksklusive eiendommen til sine opphavspersoner, i samsvar med opphavsrett og bruksrettigheter.<\/p>\n\n\n\n<p>Enhver reproduksjon, fremstilling, modifikasjon, publisering eller tilpasning av hele eller deler av elementene p\u00e5 nettstedet, uansett metode eller prosess, er forbudt uten skriftlig tillatelse fra opphavspersonen.<\/p>\n\n\n\n<p>Enhver uautorisert bruk av nettstedet eller noen av dets elementer anses som et brudd p\u00e5 opphavsretten og kan f\u00f8re til rettslige skritt.<\/p>\n\n\n\n<p>Varemerker og logoer som vises p\u00e5 nettstedet er registrert av de respektive eierne.<\/p>\n\n\n\n<h3 class=\"wp-block-heading\"><strong>Lenker<\/strong><\/h3>\n\n\n\n<h4 class=\"wp-block-heading\"><strong>Utg\u00e5ende lenker<\/strong><\/h4>\n\n\n\n<p>Nettstedseieren fraskriver seg ethvert ansvar og er ikke bundet av indeksering via hyperkoblinger til tredjepartsressurser p\u00e5 Internett, verken n\u00e5r det gjelder deres innhold eller relevans.<\/p>\n\n\n\n<h4 class=\"wp-block-heading\"><strong>Innkommende lenker<\/strong><\/h4>\n\n\n\n<p>Nettstedseieren tillater hyperkoblinger til enhver side p\u00e5 nettstedet, forutsatt at de \u00e5pnes i et nytt vindu og presenteres p\u00e5 en tydelig m\u00e5te for \u00e5 unng\u00e5:<\/p>\n\n\n\n<ul class=\"wp-block-list\">\n<li>Enhver risiko for forveksling mellom nettstedet som lenker og nettstedseieren<\/li>\n\n\n\n<li>Enhver villedende presentasjon eller en som er i strid med gjeldende lover<\/li>\n<\/ul>\n\n\n\n<p>Nettstedseieren forbeholder seg retten til \u00e5 kreve fjerning av enhver lenke dersom kilden ikke overholder de definerte reglene.<\/p>\n\n\n\n<h3 class=\"wp-block-heading\"><strong>Personvern<\/strong><\/h3>\n\n\n\n<p>Hver bruker har rett til \u00e5 f\u00e5 tilgang til, rette og motsette seg behandling av sine personopplysninger ved \u00e5 sende en skriftlig og signert foresp\u00f8rsel sammen med bevis p\u00e5 identitet.<\/p>\n\n\n\n<p>Nettstedet samler ikke inn personopplysninger og er ikke underlagt CNIL-erkl\u00e6ring.<\/p>\n\n\n\n<h3 class=\"wp-block-heading\"><strong>Vedlegg<\/strong><\/h3>\n\n\n\n<ul class=\"wp-block-list\">\n<li>Artikler L111-1 og f\u00f8lgende i \u00e5ndsverkloven av 1. juli 1992<\/li>\n\n\n\n<li>Artikkel 41 i loven av 11. mars 1957<\/li>\n\n\n\n<li>Artikkel L. 226-13 i straffeloven og EU-direktivet av 24. oktober 1995<\/li>\n\n\n\n<li>Artikler L.335-2 og f\u00f8lgende i \u00e5ndsverkloven<\/li>\n\n\n\n<li>Lov nr. 78-87 av 6. januar 1978, endret ved lov nr. 2004-801 av 6. august 2004 om informasjonsteknologi, filer og friheter<\/li>\n\n\n\n<li>Artikler 38 og f\u00f8lgende i lov 78-17 av 6. januar 1978 om informasjonsteknologi, filer og friheter<\/li>\n\n\n\n<li>Lov av 1. juli 1998 som implementerer direktiv 96\/9 av 11. mars 1996 om juridisk beskyttelse av databaser<\/li>\n\n\n\n<li>Lov nr. 2004-801 av 6. august 2004<\/li>\n\n\n\n<li>Artikkel 6 i lov nr. 2004-575 av 21. juni 2004 for tillit i den digitale \u00f8konomien<\/li>\n<\/ul>\n","protected":false},"excerpt":{"rendered":"<p>Juridiske merknader Nettstedsnavn: Bj\u00f6rn Adresse: https:\/\/bjornnco.com\/norEier: TYROCPublikasjonsansvarlig: TYROC Design og produksjon: TeqHitAnimasjon: TeqHitHosting: Hostinger International Ltd, et privat aksjeselskap basert p\u00e5 Kypros, med adressen 61 Lordou Vironos str. 6023 Larnaka, Kypros TYROC, et forenklet aksjeselskap, registrert under SIREN 984890277 med en kapital p\u00e5 1 000 euro \u2013 SIRET 98489027700010 \u2013 11 La Croix 22390 Saint-Adrien, [&hellip;]<\/p>\n","protected":false},"author":1,"featured_media":0,"parent":0,"menu_order":0,"comment_status":"closed","ping_status":"closed","template":"","meta":{"ocean_post_layout":"","ocean_both_sidebars_style":"","ocean_both_sidebars_content_width":0,"ocean_both_sidebars_sidebars_width":0,"ocean_sidebar":"","ocean_second_sidebar":"","ocean_disable_margins":"enable","ocean_add_body_class":"","ocean_shortcode_before_top_bar":"","ocean_shortcode_after_top_bar":"","ocean_shortcode_before_header":"","ocean_shortcode_after_header":"","ocean_has_shortcode":"","ocean_shortcode_after_title":"","ocean_shortcode_before_footer_widgets":"","ocean_shortcode_after_footer_widgets":"","ocean_shortcode_before_footer_bottom":"","ocean_shortcode_after_footer_bottom":"","ocean_display_top_bar":"default","ocean_display_header":"default","ocean_header_style":"","ocean_center_header_left_menu":"","ocean_custom_header_template":"","ocean_custom_logo":0,"ocean_custom_retina_logo":0,"ocean_custom_logo_max_width":0,"ocean_custom_logo_tablet_max_width":0,"ocean_custom_logo_mobile_max_width":0,"ocean_custom_logo_max_height":0,"ocean_custom_logo_tablet_max_height":0,"ocean_custom_logo_mobile_max_height":0,"ocean_header_custom_menu":"","ocean_menu_typo_font_family":"","ocean_menu_typo_font_subset":"","ocean_menu_typo_font_size":0,"ocean_menu_typo_font_size_tablet":0,"ocean_menu_typo_font_size_mobile":0,"ocean_menu_typo_font_size_unit":"px","ocean_menu_typo_font_weight":"","ocean_menu_typo_font_weight_tablet":"","ocean_menu_typo_font_weight_mobile":"","ocean_menu_typo_transform":"","ocean_menu_typo_transform_tablet":"","ocean_menu_typo_transform_mobile":"","ocean_menu_typo_line_height":0,"ocean_menu_typo_line_height_tablet":0,"ocean_menu_typo_line_height_mobile":0,"ocean_menu_typo_line_height_unit":"","ocean_menu_typo_spacing":0,"ocean_menu_typo_spacing_tablet":0,"ocean_menu_typo_spacing_mobile":0,"ocean_menu_typo_spacing_unit":"","ocean_menu_link_color":"","ocean_menu_link_color_hover":"","ocean_menu_link_color_active":"","ocean_menu_link_background":"","ocean_menu_link_hover_background":"","ocean_menu_link_active_background":"","ocean_menu_social_links_bg":"","ocean_menu_social_hover_links_bg":"","ocean_menu_social_links_color":"","ocean_menu_social_hover_links_color":"","ocean_disable_title":"default","ocean_disable_heading":"default","ocean_post_title":"","ocean_post_subheading":"","ocean_post_title_style":"","ocean_post_title_background_color":"","ocean_post_title_background":0,"ocean_post_title_bg_image_position":"","ocean_post_title_bg_image_attachment":"","ocean_post_title_bg_image_repeat":"","ocean_post_title_bg_image_size":"","ocean_post_title_height":0,"ocean_post_title_bg_overlay":0.5,"ocean_post_title_bg_overlay_color":"","ocean_disable_breadcrumbs":"default","ocean_breadcrumbs_color":"","ocean_breadcrumbs_separator_color":"","ocean_breadcrumbs_links_color":"","ocean_breadcrumbs_links_hover_color":"","ocean_display_footer_widgets":"default","ocean_display_footer_bottom":"default","ocean_custom_footer_template":"","footnotes":""},"class_list":["post-703","page","type-page","status-publish","hentry","entry","owp-thumbs-layout-horizontal","owp-btn-normal","owp-tabs-layout-horizontal","has-no-thumbnails","has-product-nav"],"_links":{"self":[{"href":"https:\/\/bjornnco.com\/nor\/wp-json\/wp\/v2\/pages\/703","targetHints":{"allow":["GET"]}}],"collection":[{"href":"https:\/\/bjornnco.com\/nor\/wp-json\/wp\/v2\/pages"}],"about":[{"href":"https:\/\/bjornnco.com\/nor\/wp-json\/wp\/v2\/types\/page"}],"author":[{"embeddable":true,"href":"https:\/\/bjornnco.com\/nor\/wp-json\/wp\/v2\/users\/1"}],"replies":[{"embeddable":true,"href":"https:\/\/bjornnco.com\/nor\/wp-json\/wp\/v2\/comments?post=703"}],"version-history":[{"count":5,"href":"https:\/\/bjornnco.com\/nor\/wp-json\/wp\/v2\/pages\/703\/revisions"}],"predecessor-version":[{"id":923,"href":"https:\/\/bjornnco.com\/nor\/wp-json\/wp\/v2\/pages\/703\/revisions\/923"}],"wp:attachment":[{"href":"https:\/\/bjornnco.com\/nor\/wp-json\/wp\/v2\/media?parent=703"}],"curies":[{"name":"wp","href":"https:\/\/api.w.org\/{rel}","templated":true}]}}